{"id":9877,"date":"2021-10-19T16:57:00","date_gmt":"2021-10-19T16:57:00","guid":{"rendered":"http:\/\/uniformesglobo.cl\/?post_type=product&#038;p=9877"},"modified":"2022-08-29T15:10:14","modified_gmt":"2022-08-29T15:10:14","slug":"pantalon-americano","status":"publish","type":"product","link":"https:\/\/uniformesglobo.cl\/index.php\/producto\/pantalon-americano\/","title":{"rendered":"Pantal\u00f3n Americano"},"content":{"rendered":"","protected":false},"excerpt":{"rendered":"<p>Pantal\u00f3n dama corte recto, cintura elasticada y bolsillos laterales. Variedad de colores a elecci\u00f3n.<br \/>\nLos colores pueden variar por efectos de la luz.<\/p>\n","protected":false},"featured_media":9879,"template":"","meta":{"_acf_changed":false},"product_cat":[41,76],"product_tag":[],"acf":[],"_links":{"self":[{"href":"https:\/\/uniformesglobo.cl\/index.php\/wp-json\/wp\/v2\/product\/9877"}],"collection":[{"href":"https:\/\/uniformesglobo.cl\/index.php\/wp-json\/wp\/v2\/product"}],"about":[{"href":"https:\/\/uniformesglobo.cl\/index.php\/wp-json\/wp\/v2\/types\/product"}],"wp:featuredmedia":[{"embeddable":true,"href":"https:\/\/uniformesglobo.cl\/index.php\/wp-json\/wp\/v2\/media\/9879"}],"wp:attachment":[{"href":"https:\/\/uniformesglobo.cl\/index.php\/wp-json\/wp\/v2\/media?parent=9877"}],"wp:term":[{"taxonomy":"product_cat","embeddable":true,"href":"https:\/\/uniformesglobo.cl\/index.php\/wp-json\/wp\/v2\/product_cat?post=9877"},{"taxonomy":"product_tag","embeddable":true,"href":"https:\/\/uniformesglobo.cl\/index.php\/wp-json\/wp\/v2\/product_tag?post=9877"}],"curies":[{"name":"wp","href":"https:\/\/api.w.org\/{rel}","templated":true}]}}