{"id":9595,"date":"2021-05-06T01:52:45","date_gmt":"2021-05-06T01:52:45","guid":{"rendered":"http:\/\/uniformesglobo.cl\/?post_type=product&#038;p=9595"},"modified":"2025-10-29T12:46:28","modified_gmt":"2025-10-29T12:46:28","slug":"chaqueta-leyda-lisa-con-aplicacion","status":"publish","type":"product","link":"https:\/\/uniformesglobo.cl\/index.php\/producto\/chaqueta-leyda-lisa-con-aplicacion\/","title":{"rendered":"Chaqueta Leyda lisa con aplicaci\u00f3n estampada azul"},"content":{"rendered":"","protected":false},"excerpt":{"rendered":"<p>Chaqueta azul con aplicaci\u00f3n. Se confeccionar\u00e1 con el estampado disponible<\/p>\n","protected":false},"featured_media":13539,"template":"","meta":{"_acf_changed":false},"product_cat":[354,42,295,41],"product_tag":[132,311,130],"acf":[],"_links":{"self":[{"href":"https:\/\/uniformesglobo.cl\/index.php\/wp-json\/wp\/v2\/product\/9595"}],"collection":[{"href":"https:\/\/uniformesglobo.cl\/index.php\/wp-json\/wp\/v2\/product"}],"about":[{"href":"https:\/\/uniformesglobo.cl\/index.php\/wp-json\/wp\/v2\/types\/product"}],"wp:featuredmedia":[{"embeddable":true,"href":"https:\/\/uniformesglobo.cl\/index.php\/wp-json\/wp\/v2\/media\/13539"}],"wp:attachment":[{"href":"https:\/\/uniformesglobo.cl\/index.php\/wp-json\/wp\/v2\/media?parent=9595"}],"wp:term":[{"taxonomy":"product_cat","embeddable":true,"href":"https:\/\/uniformesglobo.cl\/index.php\/wp-json\/wp\/v2\/product_cat?post=9595"},{"taxonomy":"product_tag","embeddable":true,"href":"https:\/\/uniformesglobo.cl\/index.php\/wp-json\/wp\/v2\/product_tag?post=9595"}],"curies":[{"name":"wp","href":"https:\/\/api.w.org\/{rel}","templated":true}]}}