{"id":9190,"date":"2021-03-16T18:29:59","date_gmt":"2021-03-16T18:29:59","guid":{"rendered":"http:\/\/uniformesglobo.clics.cl\/?post_type=product&#038;p=9190"},"modified":"2022-01-25T05:17:00","modified_gmt":"2022-01-25T05:17:00","slug":"bluson-pabellon-pediatra-estampado-soldado","status":"publish","type":"product","link":"https:\/\/uniformesglobo.cl\/index.php\/producto\/bluson-pabellon-pediatra-estampado-soldado\/","title":{"rendered":"Blus\u00f3n Pabell\u00f3n Pediatra estampado soldado"},"content":{"rendered":"<p>Entrega estimada 10 d\u00edas<\/p>\n","protected":false},"excerpt":{"rendered":"<p>Entrega estimada 10 d\u00edas<\/p>\n","protected":false},"featured_media":9181,"template":"","meta":{"_acf_changed":false},"product_cat":[209,45],"product_tag":[207],"acf":[],"_links":{"self":[{"href":"https:\/\/uniformesglobo.cl\/index.php\/wp-json\/wp\/v2\/product\/9190"}],"collection":[{"href":"https:\/\/uniformesglobo.cl\/index.php\/wp-json\/wp\/v2\/product"}],"about":[{"href":"https:\/\/uniformesglobo.cl\/index.php\/wp-json\/wp\/v2\/types\/product"}],"wp:featuredmedia":[{"embeddable":true,"href":"https:\/\/uniformesglobo.cl\/index.php\/wp-json\/wp\/v2\/media\/9181"}],"wp:attachment":[{"href":"https:\/\/uniformesglobo.cl\/index.php\/wp-json\/wp\/v2\/media?parent=9190"}],"wp:term":[{"taxonomy":"product_cat","embeddable":true,"href":"https:\/\/uniformesglobo.cl\/index.php\/wp-json\/wp\/v2\/product_cat?post=9190"},{"taxonomy":"product_tag","embeddable":true,"href":"https:\/\/uniformesglobo.cl\/index.php\/wp-json\/wp\/v2\/product_tag?post=9190"}],"curies":[{"name":"wp","href":"https:\/\/api.w.org\/{rel}","templated":true}]}}