{"id":9177,"date":"2021-03-16T01:39:52","date_gmt":"2021-03-16T01:39:52","guid":{"rendered":"http:\/\/uniformesglobo.clics.cl\/?post_type=product&#038;p=9177"},"modified":"2022-08-29T15:30:31","modified_gmt":"2022-08-29T15:30:31","slug":"conjunto-pabellon-negro-vivos-rojos","status":"publish","type":"product","link":"https:\/\/uniformesglobo.cl\/index.php\/producto\/conjunto-pabellon-negro-vivos-rojos\/","title":{"rendered":"Conjunto Pabell\u00f3n Negro vivos Rojos"},"content":{"rendered":"","protected":false},"excerpt":{"rendered":"<p>Conjunto Pabell\u00f3n. Blus\u00f3n negro con vivos rojos y pantal\u00f3n rojo. Excelente calidad y disponibilidad de telas y colores<\/p>\n","protected":false},"featured_media":9171,"template":"","meta":{"_acf_changed":false},"product_cat":[214,45],"product_tag":[217,170,207],"acf":[],"_links":{"self":[{"href":"https:\/\/uniformesglobo.cl\/index.php\/wp-json\/wp\/v2\/product\/9177"}],"collection":[{"href":"https:\/\/uniformesglobo.cl\/index.php\/wp-json\/wp\/v2\/product"}],"about":[{"href":"https:\/\/uniformesglobo.cl\/index.php\/wp-json\/wp\/v2\/types\/product"}],"wp:featuredmedia":[{"embeddable":true,"href":"https:\/\/uniformesglobo.cl\/index.php\/wp-json\/wp\/v2\/media\/9171"}],"wp:attachment":[{"href":"https:\/\/uniformesglobo.cl\/index.php\/wp-json\/wp\/v2\/media?parent=9177"}],"wp:term":[{"taxonomy":"product_cat","embeddable":true,"href":"https:\/\/uniformesglobo.cl\/index.php\/wp-json\/wp\/v2\/product_cat?post=9177"},{"taxonomy":"product_tag","embeddable":true,"href":"https:\/\/uniformesglobo.cl\/index.php\/wp-json\/wp\/v2\/product_tag?post=9177"}],"curies":[{"name":"wp","href":"https:\/\/api.w.org\/{rel}","templated":true}]}}