{"id":9154,"date":"2021-03-16T00:39:26","date_gmt":"2021-03-16T00:39:26","guid":{"rendered":"http:\/\/uniformesglobo.clics.cl\/?post_type=product&#038;p=9154"},"modified":"2022-08-29T15:31:34","modified_gmt":"2022-08-29T15:31:34","slug":"conjunto-pabellon-rojo","status":"publish","type":"product","link":"https:\/\/uniformesglobo.cl\/index.php\/producto\/conjunto-pabellon-rojo\/","title":{"rendered":"Conjunto Pabell\u00f3n rojo"},"content":{"rendered":"","protected":false},"excerpt":{"rendered":"<p>Conjunto Pabell\u00f3n. Blus\u00f3n y pantal\u00f3n excelente calidad y disponibilidad de telas y colores<\/p>\n","protected":false},"featured_media":9054,"template":"","meta":{"_acf_changed":false},"product_cat":[214,45],"product_tag":[170,207],"acf":[],"_links":{"self":[{"href":"https:\/\/uniformesglobo.cl\/index.php\/wp-json\/wp\/v2\/product\/9154"}],"collection":[{"href":"https:\/\/uniformesglobo.cl\/index.php\/wp-json\/wp\/v2\/product"}],"about":[{"href":"https:\/\/uniformesglobo.cl\/index.php\/wp-json\/wp\/v2\/types\/product"}],"wp:featuredmedia":[{"embeddable":true,"href":"https:\/\/uniformesglobo.cl\/index.php\/wp-json\/wp\/v2\/media\/9054"}],"wp:attachment":[{"href":"https:\/\/uniformesglobo.cl\/index.php\/wp-json\/wp\/v2\/media?parent=9154"}],"wp:term":[{"taxonomy":"product_cat","embeddable":true,"href":"https:\/\/uniformesglobo.cl\/index.php\/wp-json\/wp\/v2\/product_cat?post=9154"},{"taxonomy":"product_tag","embeddable":true,"href":"https:\/\/uniformesglobo.cl\/index.php\/wp-json\/wp\/v2\/product_tag?post=9154"}],"curies":[{"name":"wp","href":"https:\/\/api.w.org\/{rel}","templated":true}]}}