{"id":9114,"date":"2021-03-14T19:29:27","date_gmt":"2021-03-14T19:29:27","guid":{"rendered":"http:\/\/uniformesglobo.clics.cl\/?post_type=product&#038;p=9114"},"modified":"2022-08-29T15:33:00","modified_gmt":"2022-08-29T15:33:00","slug":"conjunto-pabellon-roberto","status":"publish","type":"product","link":"https:\/\/uniformesglobo.cl\/index.php\/producto\/conjunto-pabellon-roberto\/","title":{"rendered":"Conjunto Pabell\u00f3n Roberto"},"content":{"rendered":"","protected":false},"excerpt":{"rendered":"<p>Conjunto Pabell\u00f3n Roberto. Blus\u00f3n y pantal\u00f3n excelente calidad y disponibilidad de telas y colores<\/p>\n","protected":false},"featured_media":9108,"template":"","meta":{"_acf_changed":false},"product_cat":[214,45],"product_tag":[212,207],"acf":[],"_links":{"self":[{"href":"https:\/\/uniformesglobo.cl\/index.php\/wp-json\/wp\/v2\/product\/9114"}],"collection":[{"href":"https:\/\/uniformesglobo.cl\/index.php\/wp-json\/wp\/v2\/product"}],"about":[{"href":"https:\/\/uniformesglobo.cl\/index.php\/wp-json\/wp\/v2\/types\/product"}],"wp:featuredmedia":[{"embeddable":true,"href":"https:\/\/uniformesglobo.cl\/index.php\/wp-json\/wp\/v2\/media\/9108"}],"wp:attachment":[{"href":"https:\/\/uniformesglobo.cl\/index.php\/wp-json\/wp\/v2\/media?parent=9114"}],"wp:term":[{"taxonomy":"product_cat","embeddable":true,"href":"https:\/\/uniformesglobo.cl\/index.php\/wp-json\/wp\/v2\/product_cat?post=9114"},{"taxonomy":"product_tag","embeddable":true,"href":"https:\/\/uniformesglobo.cl\/index.php\/wp-json\/wp\/v2\/product_tag?post=9114"}],"curies":[{"name":"wp","href":"https:\/\/api.w.org\/{rel}","templated":true}]}}