{"id":9098,"date":"2021-03-14T17:36:17","date_gmt":"2021-03-14T17:36:17","guid":{"rendered":"http:\/\/uniformesglobo.clics.cl\/?post_type=product&#038;p=9098"},"modified":"2022-08-29T15:29:17","modified_gmt":"2022-08-29T15:29:17","slug":"conjunto-pabellon-2","status":"publish","type":"product","link":"https:\/\/uniformesglobo.cl\/index.php\/producto\/conjunto-pabellon-2\/","title":{"rendered":"Conjunto Pabell\u00f3n piedra \/ azul"},"content":{"rendered":"","protected":false},"excerpt":{"rendered":"<p>Conjunto Pabell\u00f3n blus\u00f3n azul piedra y pantal\u00f3n azul. Excelente calidad. Disponibilidad de telas y colores.<\/p>\n","protected":false},"featured_media":9088,"template":"","meta":{"_acf_changed":false},"product_cat":[209,214,45,210],"product_tag":[207],"acf":[],"_links":{"self":[{"href":"https:\/\/uniformesglobo.cl\/index.php\/wp-json\/wp\/v2\/product\/9098"}],"collection":[{"href":"https:\/\/uniformesglobo.cl\/index.php\/wp-json\/wp\/v2\/product"}],"about":[{"href":"https:\/\/uniformesglobo.cl\/index.php\/wp-json\/wp\/v2\/types\/product"}],"wp:featuredmedia":[{"embeddable":true,"href":"https:\/\/uniformesglobo.cl\/index.php\/wp-json\/wp\/v2\/media\/9088"}],"wp:attachment":[{"href":"https:\/\/uniformesglobo.cl\/index.php\/wp-json\/wp\/v2\/media?parent=9098"}],"wp:term":[{"taxonomy":"product_cat","embeddable":true,"href":"https:\/\/uniformesglobo.cl\/index.php\/wp-json\/wp\/v2\/product_cat?post=9098"},{"taxonomy":"product_tag","embeddable":true,"href":"https:\/\/uniformesglobo.cl\/index.php\/wp-json\/wp\/v2\/product_tag?post=9098"}],"curies":[{"name":"wp","href":"https:\/\/api.w.org\/{rel}","templated":true}]}}