{"id":9094,"date":"2021-03-14T16:51:16","date_gmt":"2021-03-14T16:51:16","guid":{"rendered":"http:\/\/uniformesglobo.clics.cl\/?post_type=product&#038;p=9094"},"modified":"2022-08-29T15:28:44","modified_gmt":"2022-08-29T15:28:44","slug":"pantalon-pabellon-bolsillo-cargo-azul-marino","status":"publish","type":"product","link":"https:\/\/uniformesglobo.cl\/index.php\/producto\/pantalon-pabellon-bolsillo-cargo-azul-marino\/","title":{"rendered":"Pantal\u00f3n Pabell\u00f3n bolsillo cargo Azul marino"},"content":{"rendered":"","protected":false},"excerpt":{"rendered":"<p>Pantal\u00f3n Pabell\u00f3n bolsillo cargo. Excelente calidad. Diversas telas y colores<\/p>\n","protected":false},"featured_media":9095,"template":"","meta":{"_acf_changed":false},"product_cat":[45,210],"product_tag":[132,212,207],"acf":[],"_links":{"self":[{"href":"https:\/\/uniformesglobo.cl\/index.php\/wp-json\/wp\/v2\/product\/9094"}],"collection":[{"href":"https:\/\/uniformesglobo.cl\/index.php\/wp-json\/wp\/v2\/product"}],"about":[{"href":"https:\/\/uniformesglobo.cl\/index.php\/wp-json\/wp\/v2\/types\/product"}],"wp:featuredmedia":[{"embeddable":true,"href":"https:\/\/uniformesglobo.cl\/index.php\/wp-json\/wp\/v2\/media\/9095"}],"wp:attachment":[{"href":"https:\/\/uniformesglobo.cl\/index.php\/wp-json\/wp\/v2\/media?parent=9094"}],"wp:term":[{"taxonomy":"product_cat","embeddable":true,"href":"https:\/\/uniformesglobo.cl\/index.php\/wp-json\/wp\/v2\/product_cat?post=9094"},{"taxonomy":"product_tag","embeddable":true,"href":"https:\/\/uniformesglobo.cl\/index.php\/wp-json\/wp\/v2\/product_tag?post=9094"}],"curies":[{"name":"wp","href":"https:\/\/api.w.org\/{rel}","templated":true}]}}