{"id":9057,"date":"2021-03-14T05:56:27","date_gmt":"2021-03-14T05:56:27","guid":{"rendered":"http:\/\/uniformesglobo.clics.cl\/?post_type=product&#038;p=9057"},"modified":"2022-01-25T05:20:37","modified_gmt":"2022-01-25T05:20:37","slug":"bluson-pabellon-rojo","status":"publish","type":"product","link":"https:\/\/uniformesglobo.cl\/index.php\/producto\/bluson-pabellon-rojo\/","title":{"rendered":"Blus\u00f3n Pabell\u00f3n rojo"},"content":{"rendered":"","protected":false},"excerpt":{"rendered":"<p>Blus\u00f3n Pabell\u00f3n. Excelente calidad y disponibilidad de telas y colores<\/p>\n","protected":false},"featured_media":9053,"template":"","meta":{"_acf_changed":false},"product_cat":[209],"product_tag":[170],"acf":[],"_links":{"self":[{"href":"https:\/\/uniformesglobo.cl\/index.php\/wp-json\/wp\/v2\/product\/9057"}],"collection":[{"href":"https:\/\/uniformesglobo.cl\/index.php\/wp-json\/wp\/v2\/product"}],"about":[{"href":"https:\/\/uniformesglobo.cl\/index.php\/wp-json\/wp\/v2\/types\/product"}],"wp:featuredmedia":[{"embeddable":true,"href":"https:\/\/uniformesglobo.cl\/index.php\/wp-json\/wp\/v2\/media\/9053"}],"wp:attachment":[{"href":"https:\/\/uniformesglobo.cl\/index.php\/wp-json\/wp\/v2\/media?parent=9057"}],"wp:term":[{"taxonomy":"product_cat","embeddable":true,"href":"https:\/\/uniformesglobo.cl\/index.php\/wp-json\/wp\/v2\/product_cat?post=9057"},{"taxonomy":"product_tag","embeddable":true,"href":"https:\/\/uniformesglobo.cl\/index.php\/wp-json\/wp\/v2\/product_tag?post=9057"}],"curies":[{"name":"wp","href":"https:\/\/api.w.org\/{rel}","templated":true}]}}