{"id":8152,"date":"2021-02-04T13:49:36","date_gmt":"2021-02-04T13:49:36","guid":{"rendered":"http:\/\/uniformesglobo.clics.cl\/?post_type=product&#038;p=8152"},"modified":"2023-10-19T03:48:34","modified_gmt":"2023-10-19T03:48:34","slug":"conjunto-pabellon","status":"publish","type":"product","link":"https:\/\/uniformesglobo.cl\/index.php\/producto\/conjunto-pabellon\/","title":{"rendered":"Blus\u00f3n Pabell\u00f3n H Azul vivo Gris"},"content":{"rendered":"","protected":false},"excerpt":{"rendered":"<p>Blus\u00f3n Pabell\u00f3n H. Confecci\u00f3n Polin<\/p>\n","protected":false},"featured_media":9043,"template":"","meta":{"_acf_changed":false},"product_cat":[209,45],"product_tag":[132,208,207],"acf":[],"_links":{"self":[{"href":"https:\/\/uniformesglobo.cl\/index.php\/wp-json\/wp\/v2\/product\/8152"}],"collection":[{"href":"https:\/\/uniformesglobo.cl\/index.php\/wp-json\/wp\/v2\/product"}],"about":[{"href":"https:\/\/uniformesglobo.cl\/index.php\/wp-json\/wp\/v2\/types\/product"}],"wp:featuredmedia":[{"embeddable":true,"href":"https:\/\/uniformesglobo.cl\/index.php\/wp-json\/wp\/v2\/media\/9043"}],"wp:attachment":[{"href":"https:\/\/uniformesglobo.cl\/index.php\/wp-json\/wp\/v2\/media?parent=8152"}],"wp:term":[{"taxonomy":"product_cat","embeddable":true,"href":"https:\/\/uniformesglobo.cl\/index.php\/wp-json\/wp\/v2\/product_cat?post=8152"},{"taxonomy":"product_tag","embeddable":true,"href":"https:\/\/uniformesglobo.cl\/index.php\/wp-json\/wp\/v2\/product_tag?post=8152"}],"curies":[{"name":"wp","href":"https:\/\/api.w.org\/{rel}","templated":true}]}}