{"id":8135,"date":"2021-02-04T13:33:25","date_gmt":"2021-02-04T13:33:25","guid":{"rendered":"http:\/\/uniformesglobo.clics.cl\/?post_type=product&#038;p=8135"},"modified":"2024-07-30T18:45:53","modified_gmt":"2024-07-30T18:45:53","slug":"abrigo-capa-pano-lana","status":"publish","type":"product","link":"https:\/\/uniformesglobo.cl\/index.php\/producto\/abrigo-capa-pano-lana\/","title":{"rendered":"Abrigo Capa Pa\u00f1o Lana"},"content":{"rendered":"","protected":false},"excerpt":{"rendered":"<p>Practico y c\u00f3modo abrigo dama tela pa\u00f1o lana.<\/p>\n","protected":false},"featured_media":8136,"template":"","meta":{"_acf_changed":false},"product_cat":[44,354,295,41],"product_tag":[],"acf":[],"_links":{"self":[{"href":"https:\/\/uniformesglobo.cl\/index.php\/wp-json\/wp\/v2\/product\/8135"}],"collection":[{"href":"https:\/\/uniformesglobo.cl\/index.php\/wp-json\/wp\/v2\/product"}],"about":[{"href":"https:\/\/uniformesglobo.cl\/index.php\/wp-json\/wp\/v2\/types\/product"}],"wp:featuredmedia":[{"embeddable":true,"href":"https:\/\/uniformesglobo.cl\/index.php\/wp-json\/wp\/v2\/media\/8136"}],"wp:attachment":[{"href":"https:\/\/uniformesglobo.cl\/index.php\/wp-json\/wp\/v2\/media?parent=8135"}],"wp:term":[{"taxonomy":"product_cat","embeddable":true,"href":"https:\/\/uniformesglobo.cl\/index.php\/wp-json\/wp\/v2\/product_cat?post=8135"},{"taxonomy":"product_tag","embeddable":true,"href":"https:\/\/uniformesglobo.cl\/index.php\/wp-json\/wp\/v2\/product_tag?post=8135"}],"curies":[{"name":"wp","href":"https:\/\/api.w.org\/{rel}","templated":true}]}}