{"id":8128,"date":"2021-02-04T03:44:45","date_gmt":"2021-02-04T03:44:45","guid":{"rendered":"http:\/\/uniformesglobo.clics.cl\/?post_type=product&#038;p=8128"},"modified":"2023-05-25T18:01:09","modified_gmt":"2023-05-25T18:01:09","slug":"abrigo-clasico","status":"publish","type":"product","link":"https:\/\/uniformesglobo.cl\/index.php\/producto\/abrigo-clasico\/","title":{"rendered":"Abrigo Cl\u00e1sico"},"content":{"rendered":"","protected":false},"excerpt":{"rendered":"<p>Lindo abrigo c\u00e1sico con capuch\u00f3n.<\/p>\n","protected":false},"featured_media":8129,"template":"","meta":{"_acf_changed":false},"product_cat":[44,41],"product_tag":[],"acf":[],"_links":{"self":[{"href":"https:\/\/uniformesglobo.cl\/index.php\/wp-json\/wp\/v2\/product\/8128"}],"collection":[{"href":"https:\/\/uniformesglobo.cl\/index.php\/wp-json\/wp\/v2\/product"}],"about":[{"href":"https:\/\/uniformesglobo.cl\/index.php\/wp-json\/wp\/v2\/types\/product"}],"wp:featuredmedia":[{"embeddable":true,"href":"https:\/\/uniformesglobo.cl\/index.php\/wp-json\/wp\/v2\/media\/8129"}],"wp:attachment":[{"href":"https:\/\/uniformesglobo.cl\/index.php\/wp-json\/wp\/v2\/media?parent=8128"}],"wp:term":[{"taxonomy":"product_cat","embeddable":true,"href":"https:\/\/uniformesglobo.cl\/index.php\/wp-json\/wp\/v2\/product_cat?post=8128"},{"taxonomy":"product_tag","embeddable":true,"href":"https:\/\/uniformesglobo.cl\/index.php\/wp-json\/wp\/v2\/product_tag?post=8128"}],"curies":[{"name":"wp","href":"https:\/\/api.w.org\/{rel}","templated":true}]}}