{"id":20911,"date":"2026-05-10T14:42:45","date_gmt":"2026-05-10T14:42:45","guid":{"rendered":"https:\/\/uniformesglobo.cl\/?post_type=product&#038;p=20911"},"modified":"2026-05-10T14:49:44","modified_gmt":"2026-05-10T14:49:44","slug":"pantalon-pabellon-azul-detalle-gris","status":"publish","type":"product","link":"https:\/\/uniformesglobo.cl\/index.php\/producto\/pantalon-pabellon-azul-detalle-gris\/","title":{"rendered":"Pantal\u00f3n Pabell\u00f3n azul detalle gris"},"content":{"rendered":"","protected":false},"excerpt":{"rendered":"<p>Pantal\u00f3n Pabell\u00f3n confeccionado en Poplin. 2 bolsillos delanteros, 2 bolsillos de cargo y un bolsillo trasero<\/p>\n","protected":false},"featured_media":20905,"template":"","meta":{"_acf_changed":false},"product_cat":[354,295,45,755,758,764,210,728],"product_tag":[132,771,212,207],"acf":[],"_links":{"self":[{"href":"https:\/\/uniformesglobo.cl\/index.php\/wp-json\/wp\/v2\/product\/20911"}],"collection":[{"href":"https:\/\/uniformesglobo.cl\/index.php\/wp-json\/wp\/v2\/product"}],"about":[{"href":"https:\/\/uniformesglobo.cl\/index.php\/wp-json\/wp\/v2\/types\/product"}],"wp:featuredmedia":[{"embeddable":true,"href":"https:\/\/uniformesglobo.cl\/index.php\/wp-json\/wp\/v2\/media\/20905"}],"wp:attachment":[{"href":"https:\/\/uniformesglobo.cl\/index.php\/wp-json\/wp\/v2\/media?parent=20911"}],"wp:term":[{"taxonomy":"product_cat","embeddable":true,"href":"https:\/\/uniformesglobo.cl\/index.php\/wp-json\/wp\/v2\/product_cat?post=20911"},{"taxonomy":"product_tag","embeddable":true,"href":"https:\/\/uniformesglobo.cl\/index.php\/wp-json\/wp\/v2\/product_tag?post=20911"}],"curies":[{"name":"wp","href":"https:\/\/api.w.org\/{rel}","templated":true}]}}