{"id":20059,"date":"2026-02-14T23:16:26","date_gmt":"2026-02-14T23:16:26","guid":{"rendered":"https:\/\/uniformesglobo.cl\/?post_type=product&#038;p=20059"},"modified":"2026-02-14T23:20:30","modified_gmt":"2026-02-14T23:20:30","slug":"conjunto-pantalon-y-polera-pique-celeste","status":"publish","type":"product","link":"https:\/\/uniformesglobo.cl\/index.php\/producto\/conjunto-pantalon-y-polera-pique-celeste\/","title":{"rendered":"Conjunto pantal\u00f3n y polera piqu\u00e9 celeste"},"content":{"rendered":"","protected":false},"excerpt":{"rendered":"<p>C\u00f3modo pantal\u00f3n con cintura elasticada. Tela 70% algod\u00f3n y 30% poliester.<\/p>\n","protected":false},"featured_media":13170,"template":"","meta":{"_acf_changed":false},"product_cat":[657,364,41,76,331],"product_tag":[134,296,243,135],"acf":[],"_links":{"self":[{"href":"https:\/\/uniformesglobo.cl\/index.php\/wp-json\/wp\/v2\/product\/20059"}],"collection":[{"href":"https:\/\/uniformesglobo.cl\/index.php\/wp-json\/wp\/v2\/product"}],"about":[{"href":"https:\/\/uniformesglobo.cl\/index.php\/wp-json\/wp\/v2\/types\/product"}],"wp:featuredmedia":[{"embeddable":true,"href":"https:\/\/uniformesglobo.cl\/index.php\/wp-json\/wp\/v2\/media\/13170"}],"wp:attachment":[{"href":"https:\/\/uniformesglobo.cl\/index.php\/wp-json\/wp\/v2\/media?parent=20059"}],"wp:term":[{"taxonomy":"product_cat","embeddable":true,"href":"https:\/\/uniformesglobo.cl\/index.php\/wp-json\/wp\/v2\/product_cat?post=20059"},{"taxonomy":"product_tag","embeddable":true,"href":"https:\/\/uniformesglobo.cl\/index.php\/wp-json\/wp\/v2\/product_tag?post=20059"}],"curies":[{"name":"wp","href":"https:\/\/api.w.org\/{rel}","templated":true}]}}