{"id":18835,"date":"2025-10-26T13:51:40","date_gmt":"2025-10-26T13:51:40","guid":{"rendered":"https:\/\/uniformesglobo.cl\/?post_type=product&#038;p=18835"},"modified":"2025-10-26T13:54:10","modified_gmt":"2025-10-26T13:54:10","slug":"bluson-alforzon-blanco-aplicacion-lila","status":"publish","type":"product","link":"https:\/\/uniformesglobo.cl\/index.php\/producto\/bluson-alforzon-blanco-aplicacion-lila\/","title":{"rendered":"Blus\u00f3n Alforz\u00f3n blanco aplicaci\u00f3n lila"},"content":{"rendered":"","protected":false},"excerpt":{"rendered":"<p><span>Cada unidad puede variar levemente, como la tela, el estampado, forma, tama\u00f1o y disposici\u00f3n de los botones<\/span><\/p>\n<p><span>Producto corresponde a saldo, por lo que puede tener algunos detalles, deterioro o desperfecto.<\/span><\/p>\n<p><span>Este producto no admite cambio ni devoluci\u00f3n<\/span><\/p>\n","protected":false},"featured_media":18837,"template":"","meta":{"_acf_changed":false},"product_cat":[42,41,345,669],"product_tag":[],"acf":[],"_links":{"self":[{"href":"https:\/\/uniformesglobo.cl\/index.php\/wp-json\/wp\/v2\/product\/18835"}],"collection":[{"href":"https:\/\/uniformesglobo.cl\/index.php\/wp-json\/wp\/v2\/product"}],"about":[{"href":"https:\/\/uniformesglobo.cl\/index.php\/wp-json\/wp\/v2\/types\/product"}],"wp:featuredmedia":[{"embeddable":true,"href":"https:\/\/uniformesglobo.cl\/index.php\/wp-json\/wp\/v2\/media\/18837"}],"wp:attachment":[{"href":"https:\/\/uniformesglobo.cl\/index.php\/wp-json\/wp\/v2\/media?parent=18835"}],"wp:term":[{"taxonomy":"product_cat","embeddable":true,"href":"https:\/\/uniformesglobo.cl\/index.php\/wp-json\/wp\/v2\/product_cat?post=18835"},{"taxonomy":"product_tag","embeddable":true,"href":"https:\/\/uniformesglobo.cl\/index.php\/wp-json\/wp\/v2\/product_tag?post=18835"}],"curies":[{"name":"wp","href":"https:\/\/api.w.org\/{rel}","templated":true}]}}