{"id":14501,"date":"2024-01-10T14:57:28","date_gmt":"2024-01-10T14:57:28","guid":{"rendered":"https:\/\/uniformesglobo.cl\/?post_type=product&#038;p=14501"},"modified":"2024-01-10T15:01:14","modified_gmt":"2024-01-10T15:01:14","slug":"chaqueta-leyda-lisa-con-aplicacion-estampada-obispo","status":"publish","type":"product","link":"https:\/\/uniformesglobo.cl\/index.php\/producto\/chaqueta-leyda-lisa-con-aplicacion-estampada-obispo\/","title":{"rendered":"Chaqueta Leyda lisa con aplicaci\u00f3n estampada obispo"},"content":{"rendered":"","protected":false},"excerpt":{"rendered":"<p>Chaquetaobispo con aplicaci\u00f3n estampada. Se confeccionar\u00e1 con el estampado disponible<\/p>\n","protected":false},"featured_media":14500,"template":"","meta":{"_acf_changed":false},"product_cat":[42,41,343,382],"product_tag":[311,310,164],"acf":[],"_links":{"self":[{"href":"https:\/\/uniformesglobo.cl\/index.php\/wp-json\/wp\/v2\/product\/14501"}],"collection":[{"href":"https:\/\/uniformesglobo.cl\/index.php\/wp-json\/wp\/v2\/product"}],"about":[{"href":"https:\/\/uniformesglobo.cl\/index.php\/wp-json\/wp\/v2\/types\/product"}],"wp:featuredmedia":[{"embeddable":true,"href":"https:\/\/uniformesglobo.cl\/index.php\/wp-json\/wp\/v2\/media\/14500"}],"wp:attachment":[{"href":"https:\/\/uniformesglobo.cl\/index.php\/wp-json\/wp\/v2\/media?parent=14501"}],"wp:term":[{"taxonomy":"product_cat","embeddable":true,"href":"https:\/\/uniformesglobo.cl\/index.php\/wp-json\/wp\/v2\/product_cat?post=14501"},{"taxonomy":"product_tag","embeddable":true,"href":"https:\/\/uniformesglobo.cl\/index.php\/wp-json\/wp\/v2\/product_tag?post=14501"}],"curies":[{"name":"wp","href":"https:\/\/api.w.org\/{rel}","templated":true}]}}