{"id":14193,"date":"2023-12-28T16:54:31","date_gmt":"2023-12-28T16:54:31","guid":{"rendered":"https:\/\/uniformesglobo.cl\/?post_type=product&#038;p=14193"},"modified":"2026-03-08T03:10:33","modified_gmt":"2026-03-08T03:10:33","slug":"polera-dama-cuello-v-azul","status":"publish","type":"product","link":"https:\/\/uniformesglobo.cl\/index.php\/producto\/polera-dama-cuello-v-azul\/","title":{"rendered":"Polera V azul cuello blanco"},"content":{"rendered":"","protected":false},"excerpt":{"rendered":"<p>Polera modelo cuello V azul con aplicaci\u00f3n blanca. Piqu\u00e9, algod\u00f3n o punto<\/p>\n<p>&nbsp;<\/p>\n","protected":false},"featured_media":14199,"template":"","meta":{"_acf_changed":false},"product_cat":[354,42,295],"product_tag":[132,130,235],"acf":[],"_links":{"self":[{"href":"https:\/\/uniformesglobo.cl\/index.php\/wp-json\/wp\/v2\/product\/14193"}],"collection":[{"href":"https:\/\/uniformesglobo.cl\/index.php\/wp-json\/wp\/v2\/product"}],"about":[{"href":"https:\/\/uniformesglobo.cl\/index.php\/wp-json\/wp\/v2\/types\/product"}],"wp:featuredmedia":[{"embeddable":true,"href":"https:\/\/uniformesglobo.cl\/index.php\/wp-json\/wp\/v2\/media\/14199"}],"wp:attachment":[{"href":"https:\/\/uniformesglobo.cl\/index.php\/wp-json\/wp\/v2\/media?parent=14193"}],"wp:term":[{"taxonomy":"product_cat","embeddable":true,"href":"https:\/\/uniformesglobo.cl\/index.php\/wp-json\/wp\/v2\/product_cat?post=14193"},{"taxonomy":"product_tag","embeddable":true,"href":"https:\/\/uniformesglobo.cl\/index.php\/wp-json\/wp\/v2\/product_tag?post=14193"}],"curies":[{"name":"wp","href":"https:\/\/api.w.org\/{rel}","templated":true}]}}