{"id":14184,"date":"2023-12-28T16:30:47","date_gmt":"2023-12-28T16:30:47","guid":{"rendered":"https:\/\/uniformesglobo.cl\/?post_type=product&#038;p=14184"},"modified":"2026-04-15T17:46:51","modified_gmt":"2026-04-15T17:46:51","slug":"polera-dama-madeleine-azul","status":"publish","type":"product","link":"https:\/\/uniformesglobo.cl\/index.php\/producto\/polera-dama-madeleine-azul\/","title":{"rendered":"Polera dama Madeleine azul vivo blanco"},"content":{"rendered":"","protected":false},"excerpt":{"rendered":"<p>Polera modelo Madeleine azul con aplicaci\u00f3n blanca. Piqu\u00e9, algod\u00f3n o punto<\/p>\n<p>&nbsp;<\/p>\n","protected":false},"featured_media":20628,"template":"","meta":{"_acf_changed":false},"product_cat":[354,42,295,294],"product_tag":[132,130,235],"acf":[],"_links":{"self":[{"href":"https:\/\/uniformesglobo.cl\/index.php\/wp-json\/wp\/v2\/product\/14184"}],"collection":[{"href":"https:\/\/uniformesglobo.cl\/index.php\/wp-json\/wp\/v2\/product"}],"about":[{"href":"https:\/\/uniformesglobo.cl\/index.php\/wp-json\/wp\/v2\/types\/product"}],"wp:featuredmedia":[{"embeddable":true,"href":"https:\/\/uniformesglobo.cl\/index.php\/wp-json\/wp\/v2\/media\/20628"}],"wp:attachment":[{"href":"https:\/\/uniformesglobo.cl\/index.php\/wp-json\/wp\/v2\/media?parent=14184"}],"wp:term":[{"taxonomy":"product_cat","embeddable":true,"href":"https:\/\/uniformesglobo.cl\/index.php\/wp-json\/wp\/v2\/product_cat?post=14184"},{"taxonomy":"product_tag","embeddable":true,"href":"https:\/\/uniformesglobo.cl\/index.php\/wp-json\/wp\/v2\/product_tag?post=14184"}],"curies":[{"name":"wp","href":"https:\/\/api.w.org\/{rel}","templated":true}]}}