{"id":14091,"date":"2023-12-24T18:22:42","date_gmt":"2023-12-24T18:22:42","guid":{"rendered":"https:\/\/uniformesglobo.cl\/?post_type=product&#038;p=14091"},"modified":"2025-08-24T17:13:28","modified_gmt":"2025-08-24T17:13:28","slug":"pantalon-varon-clasico-elesticado-blanco","status":"publish","type":"product","link":"https:\/\/uniformesglobo.cl\/index.php\/producto\/pantalon-varon-clasico-elesticado-blanco\/","title":{"rendered":"Pantal\u00f3n var\u00f3n cl\u00e1sico elasticado blanco"},"content":{"rendered":"","protected":false},"excerpt":{"rendered":"<p>Pantal\u00f3n var\u00f3n, color blanco. Cintura elasticada en espalda, lisa por el frente con pretina. Dos bolsillos laterales abiertos y un bolsillo trasero,<\/p>\n","protected":false},"featured_media":14097,"template":"","meta":{"_acf_changed":false},"product_cat":[418,45,210],"product_tag":[152,212,207],"acf":[],"_links":{"self":[{"href":"https:\/\/uniformesglobo.cl\/index.php\/wp-json\/wp\/v2\/product\/14091"}],"collection":[{"href":"https:\/\/uniformesglobo.cl\/index.php\/wp-json\/wp\/v2\/product"}],"about":[{"href":"https:\/\/uniformesglobo.cl\/index.php\/wp-json\/wp\/v2\/types\/product"}],"wp:featuredmedia":[{"embeddable":true,"href":"https:\/\/uniformesglobo.cl\/index.php\/wp-json\/wp\/v2\/media\/14097"}],"wp:attachment":[{"href":"https:\/\/uniformesglobo.cl\/index.php\/wp-json\/wp\/v2\/media?parent=14091"}],"wp:term":[{"taxonomy":"product_cat","embeddable":true,"href":"https:\/\/uniformesglobo.cl\/index.php\/wp-json\/wp\/v2\/product_cat?post=14091"},{"taxonomy":"product_tag","embeddable":true,"href":"https:\/\/uniformesglobo.cl\/index.php\/wp-json\/wp\/v2\/product_tag?post=14091"}],"curies":[{"name":"wp","href":"https:\/\/api.w.org\/{rel}","templated":true}]}}