{"id":14083,"date":"2023-12-24T04:34:02","date_gmt":"2023-12-24T04:34:02","guid":{"rendered":"https:\/\/uniformesglobo.cl\/?post_type=product&#038;p=14083"},"modified":"2023-12-31T00:41:47","modified_gmt":"2023-12-31T00:41:47","slug":"pantalon-varon-clasico-blanco","status":"publish","type":"product","link":"https:\/\/uniformesglobo.cl\/index.php\/producto\/pantalon-varon-clasico-blanco\/","title":{"rendered":"Pantal\u00f3n var\u00f3n cl\u00e1sico blanco"},"content":{"rendered":"","protected":false},"excerpt":{"rendered":"<p>Pantal\u00f3n var\u00f3n, color blanco. Cintura con pretina Dos bolsillos laterales abiertos y un bolsillo trasero,<\/p>\n","protected":false},"featured_media":14081,"template":"","meta":{"_acf_changed":false},"product_cat":[418,45,210],"product_tag":[152,212,207],"acf":[],"_links":{"self":[{"href":"https:\/\/uniformesglobo.cl\/index.php\/wp-json\/wp\/v2\/product\/14083"}],"collection":[{"href":"https:\/\/uniformesglobo.cl\/index.php\/wp-json\/wp\/v2\/product"}],"about":[{"href":"https:\/\/uniformesglobo.cl\/index.php\/wp-json\/wp\/v2\/types\/product"}],"wp:featuredmedia":[{"embeddable":true,"href":"https:\/\/uniformesglobo.cl\/index.php\/wp-json\/wp\/v2\/media\/14081"}],"wp:attachment":[{"href":"https:\/\/uniformesglobo.cl\/index.php\/wp-json\/wp\/v2\/media?parent=14083"}],"wp:term":[{"taxonomy":"product_cat","embeddable":true,"href":"https:\/\/uniformesglobo.cl\/index.php\/wp-json\/wp\/v2\/product_cat?post=14083"},{"taxonomy":"product_tag","embeddable":true,"href":"https:\/\/uniformesglobo.cl\/index.php\/wp-json\/wp\/v2\/product_tag?post=14083"}],"curies":[{"name":"wp","href":"https:\/\/api.w.org\/{rel}","templated":true}]}}