{"id":13168,"date":"2023-10-05T16:23:22","date_gmt":"2023-10-05T16:23:22","guid":{"rendered":"http:\/\/uniformesglobo.cl\/?post_type=product&#038;p=13168"},"modified":"2026-02-14T23:27:32","modified_gmt":"2026-02-14T23:27:32","slug":"pantalon-pique-celeste","status":"publish","type":"product","link":"https:\/\/uniformesglobo.cl\/index.php\/producto\/pantalon-pique-celeste\/","title":{"rendered":"Pantal\u00f3n Piqu\u00e9 celeste"},"content":{"rendered":"","protected":false},"excerpt":{"rendered":"<p>C\u00f3modo pantal\u00f3n con cintura elasticada. Tela 70% algod\u00f3n y 30% poliester.<\/p>\n","protected":false},"featured_media":13170,"template":"","meta":{"_acf_changed":false},"product_cat":[657,364,41,76,331],"product_tag":[134,296,243,135],"acf":[],"_links":{"self":[{"href":"https:\/\/uniformesglobo.cl\/index.php\/wp-json\/wp\/v2\/product\/13168"}],"collection":[{"href":"https:\/\/uniformesglobo.cl\/index.php\/wp-json\/wp\/v2\/product"}],"about":[{"href":"https:\/\/uniformesglobo.cl\/index.php\/wp-json\/wp\/v2\/types\/product"}],"wp:featuredmedia":[{"embeddable":true,"href":"https:\/\/uniformesglobo.cl\/index.php\/wp-json\/wp\/v2\/media\/13170"}],"wp:attachment":[{"href":"https:\/\/uniformesglobo.cl\/index.php\/wp-json\/wp\/v2\/media?parent=13168"}],"wp:term":[{"taxonomy":"product_cat","embeddable":true,"href":"https:\/\/uniformesglobo.cl\/index.php\/wp-json\/wp\/v2\/product_cat?post=13168"},{"taxonomy":"product_tag","embeddable":true,"href":"https:\/\/uniformesglobo.cl\/index.php\/wp-json\/wp\/v2\/product_tag?post=13168"}],"curies":[{"name":"wp","href":"https:\/\/api.w.org\/{rel}","templated":true}]}}