{"id":12832,"date":"2023-09-12T23:42:40","date_gmt":"2023-09-12T23:42:40","guid":{"rendered":"http:\/\/uniformesglobo.cl\/?post_type=product&#038;p=12832"},"modified":"2026-01-21T21:23:59","modified_gmt":"2026-01-21T21:23:59","slug":"vestido-fena-canesu-broderi-blanco","status":"publish","type":"product","link":"https:\/\/uniformesglobo.cl\/index.php\/producto\/vestido-fena-canesu-broderi-blanco\/","title":{"rendered":"Vestido Fe\u00f1a canes\u00fa broder\u00ed blanco"},"content":{"rendered":"","protected":false},"excerpt":{"rendered":"","protected":false},"featured_media":12834,"template":"","meta":{"_acf_changed":false},"product_cat":[354,318,295,41,43],"product_tag":[132,130,233],"acf":[],"_links":{"self":[{"href":"https:\/\/uniformesglobo.cl\/index.php\/wp-json\/wp\/v2\/product\/12832"}],"collection":[{"href":"https:\/\/uniformesglobo.cl\/index.php\/wp-json\/wp\/v2\/product"}],"about":[{"href":"https:\/\/uniformesglobo.cl\/index.php\/wp-json\/wp\/v2\/types\/product"}],"wp:featuredmedia":[{"embeddable":true,"href":"https:\/\/uniformesglobo.cl\/index.php\/wp-json\/wp\/v2\/media\/12834"}],"wp:attachment":[{"href":"https:\/\/uniformesglobo.cl\/index.php\/wp-json\/wp\/v2\/media?parent=12832"}],"wp:term":[{"taxonomy":"product_cat","embeddable":true,"href":"https:\/\/uniformesglobo.cl\/index.php\/wp-json\/wp\/v2\/product_cat?post=12832"},{"taxonomy":"product_tag","embeddable":true,"href":"https:\/\/uniformesglobo.cl\/index.php\/wp-json\/wp\/v2\/product_tag?post=12832"}],"curies":[{"name":"wp","href":"https:\/\/api.w.org\/{rel}","templated":true}]}}