{"id":11307,"date":"2023-03-27T22:05:10","date_gmt":"2023-03-27T22:05:10","guid":{"rendered":"http:\/\/uniformesglobo.cl\/?post_type=product&#038;p=11307"},"modified":"2025-02-01T14:05:44","modified_gmt":"2025-02-01T14:05:44","slug":"chaqueta-belen-aplicacion-estampado-psicodelico-piedra","status":"publish","type":"product","link":"https:\/\/uniformesglobo.cl\/index.php\/producto\/chaqueta-belen-aplicacion-estampado-psicodelico-piedra\/","title":{"rendered":"Chaqueta Bel\u00e9n aplicaci\u00f3n estampado Psicod\u00e9lico piedra"},"content":{"rendered":"","protected":false},"excerpt":{"rendered":"","protected":false},"featured_media":11309,"template":"","meta":{"_acf_changed":false},"product_cat":[42,657,364,331],"product_tag":[],"acf":[],"_links":{"self":[{"href":"https:\/\/uniformesglobo.cl\/index.php\/wp-json\/wp\/v2\/product\/11307"}],"collection":[{"href":"https:\/\/uniformesglobo.cl\/index.php\/wp-json\/wp\/v2\/product"}],"about":[{"href":"https:\/\/uniformesglobo.cl\/index.php\/wp-json\/wp\/v2\/types\/product"}],"wp:featuredmedia":[{"embeddable":true,"href":"https:\/\/uniformesglobo.cl\/index.php\/wp-json\/wp\/v2\/media\/11309"}],"wp:attachment":[{"href":"https:\/\/uniformesglobo.cl\/index.php\/wp-json\/wp\/v2\/media?parent=11307"}],"wp:term":[{"taxonomy":"product_cat","embeddable":true,"href":"https:\/\/uniformesglobo.cl\/index.php\/wp-json\/wp\/v2\/product_cat?post=11307"},{"taxonomy":"product_tag","embeddable":true,"href":"https:\/\/uniformesglobo.cl\/index.php\/wp-json\/wp\/v2\/product_tag?post=11307"}],"curies":[{"name":"wp","href":"https:\/\/api.w.org\/{rel}","templated":true}]}}