{"id":11104,"date":"2023-02-18T01:44:39","date_gmt":"2023-02-18T01:44:39","guid":{"rendered":"http:\/\/uniformesglobo.cl\/?post_type=product&#038;p=11104"},"modified":"2023-10-27T23:42:27","modified_gmt":"2023-10-27T23:42:27","slug":"conjunto-polera-y-pantalon-dama-blanco","status":"publish","type":"product","link":"https:\/\/uniformesglobo.cl\/index.php\/producto\/conjunto-polera-y-pantalon-dama-blanco\/","title":{"rendered":"Conjunto polera y pantal\u00f3n dama blanco"},"content":{"rendered":"","protected":false},"excerpt":{"rendered":"<p>Conjunto polera bicolor y pantal\u00f3n blanco dama. Polera disponible en azul, rojo, obispo y burdeo. Pantal\u00f3n en variadas telas, modelos y tallas<\/p>\n","protected":false},"featured_media":11106,"template":"","meta":{"_acf_changed":false},"product_cat":[354,418,244,295,41],"product_tag":[132,152,274,130,243],"acf":[],"_links":{"self":[{"href":"https:\/\/uniformesglobo.cl\/index.php\/wp-json\/wp\/v2\/product\/11104"}],"collection":[{"href":"https:\/\/uniformesglobo.cl\/index.php\/wp-json\/wp\/v2\/product"}],"about":[{"href":"https:\/\/uniformesglobo.cl\/index.php\/wp-json\/wp\/v2\/types\/product"}],"wp:featuredmedia":[{"embeddable":true,"href":"https:\/\/uniformesglobo.cl\/index.php\/wp-json\/wp\/v2\/media\/11106"}],"wp:attachment":[{"href":"https:\/\/uniformesglobo.cl\/index.php\/wp-json\/wp\/v2\/media?parent=11104"}],"wp:term":[{"taxonomy":"product_cat","embeddable":true,"href":"https:\/\/uniformesglobo.cl\/index.php\/wp-json\/wp\/v2\/product_cat?post=11104"},{"taxonomy":"product_tag","embeddable":true,"href":"https:\/\/uniformesglobo.cl\/index.php\/wp-json\/wp\/v2\/product_tag?post=11104"}],"curies":[{"name":"wp","href":"https:\/\/api.w.org\/{rel}","templated":true}]}}