{"id":10578,"date":"2023-01-29T01:40:09","date_gmt":"2023-01-29T01:40:09","guid":{"rendered":"http:\/\/uniformesglobo.cl\/?post_type=product&#038;p=10578"},"modified":"2024-12-16T17:04:22","modified_gmt":"2024-12-16T17:04:22","slug":"vestido-alison-blanco-aplicacion-rosa","status":"publish","type":"product","link":"https:\/\/uniformesglobo.cl\/index.php\/producto\/vestido-alison-blanco-aplicacion-rosa\/","title":{"rendered":"Vestido Alison blanco aplicaci\u00f3n rosa"},"content":{"rendered":"","protected":false},"excerpt":{"rendered":"<p>Vestido blanco con aplicaci\u00f3n rosa confeccionado en Buton\u00e9<\/p>\n","protected":false},"featured_media":16871,"template":"","meta":{"_acf_changed":false},"product_cat":[418,41,345,669,407,43],"product_tag":[672],"acf":[],"_links":{"self":[{"href":"https:\/\/uniformesglobo.cl\/index.php\/wp-json\/wp\/v2\/product\/10578"}],"collection":[{"href":"https:\/\/uniformesglobo.cl\/index.php\/wp-json\/wp\/v2\/product"}],"about":[{"href":"https:\/\/uniformesglobo.cl\/index.php\/wp-json\/wp\/v2\/types\/product"}],"wp:featuredmedia":[{"embeddable":true,"href":"https:\/\/uniformesglobo.cl\/index.php\/wp-json\/wp\/v2\/media\/16871"}],"wp:attachment":[{"href":"https:\/\/uniformesglobo.cl\/index.php\/wp-json\/wp\/v2\/media?parent=10578"}],"wp:term":[{"taxonomy":"product_cat","embeddable":true,"href":"https:\/\/uniformesglobo.cl\/index.php\/wp-json\/wp\/v2\/product_cat?post=10578"},{"taxonomy":"product_tag","embeddable":true,"href":"https:\/\/uniformesglobo.cl\/index.php\/wp-json\/wp\/v2\/product_tag?post=10578"}],"curies":[{"name":"wp","href":"https:\/\/api.w.org\/{rel}","templated":true}]}}