{"id":10115,"date":"2022-03-10T00:39:51","date_gmt":"2022-03-10T00:39:51","guid":{"rendered":"http:\/\/uniformesglobo.cl\/?post_type=product&#038;p=10115"},"modified":"2026-02-27T01:26:53","modified_gmt":"2026-02-27T01:26:53","slug":"pantalon-tesutto","status":"publish","type":"product","link":"https:\/\/uniformesglobo.cl\/index.php\/producto\/pantalon-tesutto\/","title":{"rendered":"Pantal\u00f3n Tesutto celeste"},"content":{"rendered":"","protected":false},"excerpt":{"rendered":"<p>C\u00f3modo pantal\u00f3n con cintura elasticada. Tela 70% algod\u00f3n y 30% poliester.<\/p>\n","protected":false},"featured_media":10119,"template":"","meta":{"_acf_changed":false},"product_cat":[364,41,755,757,76,331],"product_tag":[134,243,135],"acf":[],"_links":{"self":[{"href":"https:\/\/uniformesglobo.cl\/index.php\/wp-json\/wp\/v2\/product\/10115"}],"collection":[{"href":"https:\/\/uniformesglobo.cl\/index.php\/wp-json\/wp\/v2\/product"}],"about":[{"href":"https:\/\/uniformesglobo.cl\/index.php\/wp-json\/wp\/v2\/types\/product"}],"wp:featuredmedia":[{"embeddable":true,"href":"https:\/\/uniformesglobo.cl\/index.php\/wp-json\/wp\/v2\/media\/10119"}],"wp:attachment":[{"href":"https:\/\/uniformesglobo.cl\/index.php\/wp-json\/wp\/v2\/media?parent=10115"}],"wp:term":[{"taxonomy":"product_cat","embeddable":true,"href":"https:\/\/uniformesglobo.cl\/index.php\/wp-json\/wp\/v2\/product_cat?post=10115"},{"taxonomy":"product_tag","embeddable":true,"href":"https:\/\/uniformesglobo.cl\/index.php\/wp-json\/wp\/v2\/product_tag?post=10115"}],"curies":[{"name":"wp","href":"https:\/\/api.w.org\/{rel}","templated":true}]}}